{"id":72,"date":"2013-04-19T14:47:21","date_gmt":"2013-04-19T14:47:21","guid":{"rendered":"http:\/\/serwer1311746.home.pl\/autoinstalator\/wordpress\/?page_id=72"},"modified":"2025-05-12T09:24:20","modified_gmt":"2025-05-12T09:24:20","slug":"kontakt","status":"publish","type":"page","link":"https:\/\/lodzierz.pl\/?page_id=72","title":{"rendered":"Kontakt"},"content":{"rendered":"\n<div id=\"text-2\">\n<div class=\"wpcf7 no-js\" id=\"wpcf7-f3635-o1\" lang=\"pl-PL\" dir=\"ltr\" data-wpcf7-id=\"3635\">\n<div class=\"screen-reader-response\"><p role=\"status\" aria-live=\"polite\" aria-atomic=\"true\"><\/p> <ul><\/ul><\/div>\n<form action=\"\/index.php?rest_route=%2Fwp%2Fv2%2Fpages%2F72#wpcf7-f3635-o1\" method=\"post\" class=\"wpcf7-form init\" aria-label=\"Formularz kontaktowy\" novalidate=\"novalidate\" data-status=\"init\">\n<fieldset class=\"hidden-fields-container\"><input type=\"hidden\" name=\"_wpcf7\" value=\"3635\" \/><input type=\"hidden\" name=\"_wpcf7_version\" value=\"6.1.5\" \/><input type=\"hidden\" name=\"_wpcf7_locale\" value=\"pl_PL\" \/><input type=\"hidden\" name=\"_wpcf7_unit_tag\" value=\"wpcf7-f3635-o1\" \/><input type=\"hidden\" name=\"_wpcf7_container_post\" value=\"0\" \/><input type=\"hidden\" name=\"_wpcf7_posted_data_hash\" value=\"\" \/>\n<\/fieldset>\n<p>Imi\u0119 i nazwisko (wymagane)\n<\/p>\n<p><span class=\"wpcf7-form-control-wrap\" data-name=\"your-name\"><input size=\"40\" maxlength=\"400\" class=\"wpcf7-form-control wpcf7-text wpcf7-validates-as-required\" aria-required=\"true\" aria-invalid=\"false\" value=\"\" type=\"text\" name=\"your-name\" \/><\/span>\n<\/p>\n<p>Adres email (wymagane)\n<\/p>\n<p><span class=\"wpcf7-form-control-wrap\" data-name=\"your-email\"><input size=\"40\" maxlength=\"400\" class=\"wpcf7-form-control wpcf7-email wpcf7-validates-as-required wpcf7-text wpcf7-validates-as-email\" aria-required=\"true\" aria-invalid=\"false\" value=\"\" type=\"email\" name=\"your-email\" \/><\/span>\n<\/p>\n<p>Temat\n<\/p>\n<p><span class=\"wpcf7-form-control-wrap\" data-name=\"your-subject\"><input size=\"40\" maxlength=\"400\" class=\"wpcf7-form-control wpcf7-text\" aria-invalid=\"false\" value=\"\" type=\"text\" name=\"your-subject\" \/><\/span>\n<\/p>\n<p>Tre\u015b\u0107 wiadomo\u015bci\n<\/p>\n<p><span class=\"wpcf7-form-control-wrap\" data-name=\"your-message\"><textarea cols=\"40\" rows=\"10\" maxlength=\"2000\" class=\"wpcf7-form-control wpcf7-textarea\" aria-invalid=\"false\" name=\"your-message\"><\/textarea><\/span>\n<\/p>\n<p><input class=\"wpcf7-form-control wpcf7-submit has-spinner\" type=\"submit\" value=\"Wy\u015blij\" \/>\n<\/p><p style=\"display: none !important;\"><label>&#916;<textarea name=\"_wpcf7_ak_hp_textarea\" cols=\"45\" rows=\"8\" maxlength=\"100\"><\/textarea><\/label><input type=\"hidden\" id=\"ak_js_1\" name=\"_wpcf7_ak_js\" value=\"19\"\/><script>document.getElementById( \"ak_js_1\" ).setAttribute( \"value\", ( new Date() ).getTime() );<\/script><\/p><div class=\"wpcf7-response-output\" aria-hidden=\"true\"><\/div>\n<\/form>\n<\/div>\n<\/div>\n\n\n\n<div>&nbsp;<\/div>\n\n\n\n<div>&nbsp;<\/div>\n\n\n\n<div style=\"text-align: center;\">&nbsp;<\/div>\n\n\n\n<div style=\"text-align: center;\"><strong>Zesp\u00f3\u0142 Szk\u00f3\u0142 Ponadpodstawowych w \u0141odzierzy<\/strong><\/div>\n\n\n\n<div style=\"text-align: center;\">77-200 Miastko<\/div>\n\n\n\n<div style=\"text-align: center;\">\u0141odzierz 11<br>wojew\u00f3dztwo pomorskie<\/div>\n\n\n\n<div id=\"text-3\">\n<p style=\"text-align: center;\">tel szko\u0142y\u2013 59 857 24 09<\/p>\n<p style=\"text-align: center;\">e-mail: &nbsp;zsp@lodzierz.pl<\/p>\n<p style=\"text-align: center;\">www.lodzierz.pl<\/p>\n<p style=\"text-align: center;\"><a href=\"http:\/\/maps.google.pl\/maps?gs_rn=26&amp;gs_ri=psy-ab&amp;tok=D1AXHSXPo3Kdn51WUtyNjQ&amp;cp=7&amp;gs_id=u&amp;xhr=t&amp;q=\u0142odzierz&amp;bav=on.2,or.r_qf.&amp;bvm=bv.51773540,d.bGE&amp;biw=1366&amp;bih=667&amp;um=1&amp;ie=UTF-8&amp;hl=pl&amp;sa=N&amp;tab=wl\">Tu nas znajdziesz<\/a><\/p>\n<p style=\"text-align: left;\"><strong><span style=\"color: #ff0000;\">Dane adresowe<\/span><\/strong><\/p>\n<h3><span style=\"font-size: small;\">NIP szko\u0142y-842-17-69-759<\/span><\/h3>\n<h3><span style=\"font-size: small;\">Regon -221734805<\/span><\/h3>\n<h3><span style=\"font-size: small;\">Nr konta szko\u0142y-78 1020 4708 0000 7002 0052 5485<\/span><\/h3>\n<p>adres do e-dor\u0119cze\u0144&nbsp; AE:PL-69743-41250-TWGVB-25<\/p>\n<\/div>\n\n\n\n<p><\/p>\n","protected":false},"excerpt":{"rendered":"<p>&nbsp; &nbsp; &nbsp; Zesp\u00f3\u0142 Szk\u00f3\u0142 Ponadpodstawowych w \u0141odzierzy 77-200 Miastko \u0141odzierz 11wojew\u00f3dztwo pomorskie tel szko\u0142y\u2013 59 857 24 09 e-mail: &nbsp;zsp@lodzierz.pl www.lodzierz.pl Tu nas znajdziesz Dane adresowe NIP szko\u0142y-842-17-69-759 Regon -221734805 Nr konta szko\u0142y-78 1020 4708 0000 7002 0052 5485 adres do e-dor\u0119cze\u0144&nbsp; AE:PL-69743-41250-TWGVB-25<\/p>\n","protected":false},"author":1,"featured_media":0,"parent":0,"menu_order":8,"comment_status":"closed","ping_status":"closed","template":"fullwidth.php","meta":{"ngg_post_thumbnail":0,"footnotes":""},"class_list":["post-72","page","type-page","status-publish","hentry"],"_links":{"self":[{"href":"https:\/\/lodzierz.pl\/index.php?rest_route=\/wp\/v2\/pages\/72","targetHints":{"allow":["GET"]}}],"collection":[{"href":"https:\/\/lodzierz.pl\/index.php?rest_route=\/wp\/v2\/pages"}],"about":[{"href":"https:\/\/lodzierz.pl\/index.php?rest_route=\/wp\/v2\/types\/page"}],"author":[{"embeddable":true,"href":"https:\/\/lodzierz.pl\/index.php?rest_route=\/wp\/v2\/users\/1"}],"replies":[{"embeddable":true,"href":"https:\/\/lodzierz.pl\/index.php?rest_route=%2Fwp%2Fv2%2Fcomments&post=72"}],"version-history":[{"count":21,"href":"https:\/\/lodzierz.pl\/index.php?rest_route=\/wp\/v2\/pages\/72\/revisions"}],"predecessor-version":[{"id":24914,"href":"https:\/\/lodzierz.pl\/index.php?rest_route=\/wp\/v2\/pages\/72\/revisions\/24914"}],"wp:attachment":[{"href":"https:\/\/lodzierz.pl\/index.php?rest_route=%2Fwp%2Fv2%2Fmedia&parent=72"}],"curies":[{"name":"wp","href":"https:\/\/api.w.org\/{rel}","templated":true}]}}